{"id":7930,"date":"2023-04-05T11:24:26","date_gmt":"2023-04-05T14:24:26","guid":{"rendered":"https:\/\/instalmax.com.br\/site\/?page_id=7930"},"modified":"2023-10-24T06:20:47","modified_gmt":"2023-10-24T09:20:47","slug":"fale-conosco","status":"publish","type":"page","link":"https:\/\/instalmax.com.br\/site\/fale-conosco\/","title":{"rendered":"Fale conosco"},"content":{"rendered":"<p><a href=\"http:\/\/instalmax.com.br\/site\/\"><br \/>\n<img decoding=\"async\" src=\"https:\/\/instalmax.com.br\/site\/wp-content\/uploads\/2023\/03\/logo_instalmax.svg\" alt=\"\" width=\"100\" height=\"100\" \/> <\/a><\/p>\n<ul id=\"menu-menu-principal\">\n<li id=\"menu-item-7388\"><a href=\"http:\/\/instalmax.com.br\/site\/quem-somos\/\">EMPRESA<\/a><\/li>\n<li id=\"menu-item-7389\"><a href=\"http:\/\/instalmax.com.br\/site\/portfolio\/\">PORTF\u00d3LIO<\/a>\n<ul>\n<li id=\"menu-item-7844\"><a href=\"http:\/\/instalmax.com.br\/site\/portfolio\/obras-entregues\/\">OBRAS ENTREGUES<\/a><\/li>\n<li id=\"menu-item-7843\"><a href=\"http:\/\/instalmax.com.br\/site\/portfolio\/obras-da-incorporacao\/\">OBRAS INCORPORA\u00c7\u00c3O<\/a><\/li>\n<\/ul>\n<\/li>\n<li id=\"menu-item-7390\"><a href=\"https:\/\/instalmax.com.br\/site\/onde-estamos\/\">ONDE ESTAMOS<\/a><\/li>\n<li id=\"menu-item-8040\"><a href=\"https:\/\/instalmax.com.br\/site\/scp\/\">INVISTA COM SCP<\/a><\/li>\n<li id=\"menu-item-7391\"><a href=\"https:\/\/instalmax.com.br\/site\/fale-conosco\/\">FALE CONOSCO<\/a><\/li>\n<\/ul>\n<h2><b>FALE<\/b> CONOSCO<\/h2>\n<p><a href=\"https:\/\/www.instagram.com\/instalmaxengenharia\/\" target=\"_blank\" rel=\"noopener\"><br \/>\nInstagram<br \/>\n<\/a><br \/>\n<a href=\"https:\/\/www.facebook.com\/construtora.instalmax\" target=\"_blank\" rel=\"noopener\"><br \/>\nFacebook<br \/>\n<\/a><br \/>\n<img fetchpriority=\"high\" decoding=\"async\" src=\"https:\/\/instalmax.com.br\/site\/wp-content\/uploads\/2023\/04\/img_trabalho.webp\" sizes=\"(max-width: 405px) 100vw, 405px\" srcset=\"https:\/\/instalmax.com.br\/site\/wp-content\/uploads\/2023\/04\/img_trabalho.webp 405w, https:\/\/instalmax.com.br\/site\/wp-content\/uploads\/2023\/04\/img_trabalho-300x224.webp 300w\" alt=\"\" width=\"405\" height=\"303\" \/><br \/>\n<img decoding=\"async\" src=\"https:\/\/instalmax.com.br\/site\/wp-content\/uploads\/2023\/04\/icon_trabalhe_conosco.svg\" alt=\"\" width=\"100\" height=\"100\" \/><\/p>\n<p>TRABALHE CONOSCO<\/p>\n<p>Envie seu curr\u00edculo e fa\u00e7a parte do time Instalmax.<\/p>\n<p><img loading=\"lazy\" decoding=\"async\" src=\"https:\/\/instalmax.com.br\/site\/wp-content\/uploads\/2023\/04\/img_investidor.webp\" sizes=\"(max-width: 405px) 100vw, 405px\" srcset=\"https:\/\/instalmax.com.br\/site\/wp-content\/uploads\/2023\/04\/img_investidor.webp 405w, https:\/\/instalmax.com.br\/site\/wp-content\/uploads\/2023\/04\/img_investidor-300x224.webp 300w\" alt=\"\" width=\"405\" height=\"303\" \/><br \/>\n<img loading=\"lazy\" decoding=\"async\" src=\"https:\/\/instalmax.com.br\/site\/wp-content\/uploads\/2023\/04\/icon_investidor.svg\" alt=\"\" width=\"100\" height=\"100\" \/><\/p>\n<p>QUERO SER INVESTIDOR<\/p>\n<p>Fa\u00e7a parte do grupo e seja investidor na Instalmax.<\/p>\n<p><img loading=\"lazy\" decoding=\"async\" src=\"https:\/\/instalmax.com.br\/site\/wp-content\/uploads\/2023\/04\/img_terreno.webp\" sizes=\"(max-width: 405px) 100vw, 405px\" srcset=\"https:\/\/instalmax.com.br\/site\/wp-content\/uploads\/2023\/04\/img_terreno.webp 405w, https:\/\/instalmax.com.br\/site\/wp-content\/uploads\/2023\/04\/img_terreno-300x224.webp 300w\" alt=\"\" width=\"405\" height=\"303\" \/><br \/>\n<img loading=\"lazy\" decoding=\"async\" src=\"https:\/\/instalmax.com.br\/site\/wp-content\/uploads\/2023\/04\/icon_terreno.svg\" alt=\"\" width=\"100\" height=\"100\" \/><\/p>\n<p>OFERE\u00c7A SEU TERRENO<\/p>\n<p>Envie uma oportunidade de incorpora\u00e7\u00e3o a Instalmax.<\/p>\n<p><img loading=\"lazy\" decoding=\"async\" src=\"https:\/\/instalmax.com.br\/site\/wp-content\/uploads\/2023\/04\/img_fornecedor.webp\" sizes=\"(max-width: 405px) 100vw, 405px\" srcset=\"https:\/\/instalmax.com.br\/site\/wp-content\/uploads\/2023\/04\/img_fornecedor.webp 405w, https:\/\/instalmax.com.br\/site\/wp-content\/uploads\/2023\/04\/img_fornecedor-300x224.webp 300w\" alt=\"\" width=\"405\" height=\"303\" \/><br \/>\n<img loading=\"lazy\" decoding=\"async\" src=\"https:\/\/instalmax.com.br\/site\/wp-content\/uploads\/2023\/04\/icon_fornecedor.svg\" alt=\"\" width=\"100\" height=\"100\" \/><\/p>\n<p>SEJA UM FORNECEDOR<\/p>\n<p>Fa\u00e7a parte do grupo de fornecedores da Instalmax.<\/p>\n<h2><b>QUER FALAR<\/b> SOBRE OUTRO ASSUNTO?<\/h2>\n<p>Envie sua mensagem atrav\u00e9s do formul\u00e1rio abaixo.<\/p>\n<form action=\"\/site\/wp-admin\/admin-ajax.php#wpcf7-f7944-o1\" enctype=\"multipart\/form-data\" method=\"post\" novalidate=\"novalidate\" aria-label=\"Formul\u00e1rios de contato\" data-status=\"init\"><input name=\"_wpcf7\" type=\"hidden\" value=\"7944\" \/><br \/>\n<input name=\"_wpcf7_version\" type=\"hidden\" value=\"5.7.6\" \/><br \/>\n<input name=\"_wpcf7_locale\" type=\"hidden\" value=\"pt_BR\" \/><br \/>\n<input name=\"_wpcf7_unit_tag\" type=\"hidden\" value=\"wpcf7-f7944-o1\" \/><br \/>\n<input name=\"_wpcf7_container_post\" type=\"hidden\" value=\"0\" \/><br \/>\n<input name=\"_wpcf7_posted_data_hash\" type=\"hidden\" value=\"\" \/><\/form>\n<p><label> Nome<br \/>\n<input name=\"nome\" size=\"40\" type=\"text\" value=\"\" aria-required=\"true\" aria-invalid=\"false\" \/><\/label><\/p>\n<p><label> E-mail<br \/>\n<input name=\"email\" size=\"40\" type=\"email\" value=\"\" aria-required=\"true\" aria-invalid=\"false\" \/> <\/label><\/p>\n<p><label> Telefone<br \/>\n<input name=\"telefone\" size=\"40\" type=\"tel\" value=\"\" aria-required=\"true\" aria-invalid=\"false\" \/> <\/label><\/p>\n<p><label> Assunto<br \/>\n<input name=\"assunto\" size=\"40\" type=\"text\" value=\"\" aria-required=\"true\" aria-invalid=\"false\" \/> <\/label><\/p>\n<p><label> Anexar arquivo<br \/>\n<input accept=\"audio\/*,video\/*,image\/*\" name=\"arquivo\" size=\"40\" type=\"file\" aria-invalid=\"false\" \/> <\/label><\/p>\n<p><label> Mensagem (opcional)<br \/>\n<textarea cols=\"40\" name=\"mensagem\" rows=\"10\" aria-invalid=\"false\"><\/textarea> <\/label><\/p>\n<p><label><input name=\"aceite\" type=\"checkbox\" value=\"1\" aria-invalid=\"false\" \/><span style=\"font-size: medium;\">Aceito receber informa\u00e7\u00f5es, atrav\u00e9s dos canais informados e estou de acordo com a <a href=\"https:\/\/instalmax.com.br\/site\/politica-de-privacidade\/\" target=\"_blank\" rel=\"noopener\"><span style=\"color: #e30613;\">pol\u00edtica de privacidade.<\/span><\/a><\/span><\/label><\/p>\n<p><input type=\"submit\" value=\"Enviar\" \/><\/p>\n<p><img loading=\"lazy\" decoding=\"async\" src=\"https:\/\/instalmax.com.br\/site\/wp-content\/uploads\/2023\/03\/logo_instalmax_white.svg\" alt=\"\" width=\"100\" height=\"100\" \/><\/p>\n<p>Nosso escrit\u00f3rio est\u00e1 localizado no centro de Ubatuba.<\/p>\n<p>Av Rio Grande do Sul, 857 Centro, Ubatuba-SP<\/p>\n<p><strong>Escrit\u00f3rio<\/strong><br \/>\n<a href=\"tel:12 38335696\" target=\"_blank\" rel=\"noopener\"><span style=\"color: ffffff;\"><br \/>\n(12) 3833.5696<\/span><\/a><strong>E-mail:<\/strong><\/p>\n<p><a href=\"mailto:contato@instalmax.com.br\" target=\"_blank\" rel=\"noopener\"><span style=\"color: ffffff;\">contato@instalmax.com.br<\/span><\/a><\/p>\n<p>MENU<\/p>\n<p><a href=\"https:\/\/instalmax.com.br\/site\/quem-somos\/\">Empresa<\/a><\/p>\n<p><a href=\"https:\/\/instalmax.com.br\/site\/portfolio\/\">Portf\u00f3lio<\/a><\/p>\n<p><a href=\"https:\/\/instalmax.com.br\/site\/onde-estamos\/\">Onde estamos<\/a><\/p>\n<p><a href=\"https:\/\/instalmax.com.br\/site\/fale-conosco\/\">Fale Conosco<\/a><\/p>\n<p><a href=\"https:\/\/instalmax.com.br\/site\/fale-conosco\/\">Trabalhe na Instalmax<\/a><\/p>\n<p><a href=\"https:\/\/instalmax.com.br\/site\/fale-conosco\/\">Quero ser fornecedor<\/a><\/p>\n<p><a href=\"https:\/\/instalmax.com.br\/site\/fale-conosco\/\">Seja um investidor<\/a><\/p>\n<p><a href=\"https:\/\/instalmax.com.br\/site\/fale-conosco\/\">Venda sua \u00e1rea<\/a><\/p>\n<p><a href=\"https:\/\/instalmax.com.br\/site\/fale-conosco\/\">Contato<\/a><\/p>\n<p><a href=\"https:\/\/instalmax.com.br\/site\/politica-de-privacidade\/\">Pol\u00edtica de Privacidade &#8211; LGPD<\/a><\/p>\n<p>CENTRAL DE VENDAS<\/p>\n<p><strong>Whatsapp<\/strong><br \/>\n<a href=\"https:\/\/api.whatsapp.com\/send?phone=5512997797614\" target=\"_blank\" rel=\"noopener\"><span style=\"color: ffffff;\"><br \/>\n(12) 99779-7614<\/span><\/a><strong>E-mail:<\/strong><br \/>\n<a href=\"mailto:vendas@instalmax.com.br\" target=\"_blank\" rel=\"noopener\"><span style=\"color: ffffff;\">vendas@instalmax.com.br<\/span><\/a><\/p>\n<p>REDES SOCIAIS<\/p>\n<p><a href=\"https:\/\/www.instagram.com\/instalmaxengenharia\/\" target=\"_blank\" rel=\"noopener\"><br \/>\nInstagram<br \/>\n<\/a><br \/>\n<a href=\"https:\/\/www.facebook.com\/construtora.instalmax\" target=\"_blank\" rel=\"noopener\"><br \/>\nFacebook<br \/>\n<\/a><\/p>\n<p>\u00a9 2023 Instalmax Engenharia e Constru\u00e7\u00e3o Ltda. | Todos os direitos reservados.<\/p>\n<p>Criado por<\/p>\n<p><a href=\"https:\/\/www.papayacomunicacao.com.br\/\" target=\"_blank\" rel=\"noopener\"><br \/>\n<img loading=\"lazy\" decoding=\"async\" src=\"https:\/\/instalmax.com.br\/site\/wp-content\/uploads\/2023\/05\/logo_site.png\" alt=\"\" width=\"178\" height=\"60\" \/> <\/a><\/p>\n","protected":false},"excerpt":{"rendered":"<p>EMPRESA PORTF\u00d3LIO OBRAS ENTREGUES OBRAS INCORPORA\u00c7\u00c3O ONDE ESTAMOS INVISTA COM SCP FALE CONOSCO FALE CONOSCO Instagram Facebook TRABALHE CONOSCO Envie seu curr\u00edculo e fa\u00e7a parte do time Instalmax. QUERO SER INVESTIDOR Fa\u00e7a parte do grupo e seja investidor na Instalmax. OFERE\u00c7A SEU TERRENO Envie uma oportunidade de incorpora\u00e7\u00e3o a Instalmax. SEJA UM FORNECEDOR Fa\u00e7a parte [&hellip;]<\/p>\n","protected":false},"author":6,"featured_media":0,"parent":0,"menu_order":1,"comment_status":"closed","ping_status":"closed","template":"","meta":{"inline_featured_image":false,"site-sidebar-layout":"default","site-content-layout":"","ast-site-content-layout":"default","site-content-style":"default","site-sidebar-style":"default","ast-global-header-display":"","ast-banner-title-visibility":"","ast-main-header-display":"","ast-hfb-above-header-display":"","ast-hfb-below-header-display":"","ast-hfb-mobile-header-display":"","site-post-title":"","ast-breadcrumbs-content":"","ast-featured-img":"","footer-sml-layout":"","ast-disable-related-posts":"","theme-transparent-header-meta":"","adv-header-id-meta":"","stick-header-meta":"","header-above-stick-meta":"","header-main-stick-meta":"","header-below-stick-meta":"","astra-migrate-meta-layouts":"set","ast-page-background-enabled":"default","ast-page-background-meta":{"desktop":{"background-color":"var(--ast-global-color-4)","background-image":"","background-repeat":"repeat","background-position":"center center","background-size":"auto","background-attachment":"scroll","background-type":"","background-media":"","overlay-type":"","overlay-color":"","overlay-opacity":"","overlay-gradient":""},"tablet":{"background-color":"","background-image":"","background-repeat":"repeat","background-position":"center center","background-size":"auto","background-attachment":"scroll","background-type":"","background-media":"","overlay-type":"","overlay-color":"","overlay-opacity":"","overlay-gradient":""},"mobile":{"background-color":"","background-image":"","background-repeat":"repeat","background-position":"center center","background-size":"auto","background-attachment":"scroll","background-type":"","background-media":"","overlay-type":"","overlay-color":"","overlay-opacity":"","overlay-gradient":""}},"ast-content-background-meta":{"desktop":{"background-color":"var(--ast-global-color-5)","background-image":"","background-repeat":"repeat","background-position":"center center","background-size":"auto","background-attachment":"scroll","background-type":"","background-media":"","overlay-type":"","overlay-color":"","overlay-opacity":"","overlay-gradient":""},"tablet":{"background-color":"var(--ast-global-color-5)","background-image":"","background-repeat":"repeat","background-position":"center center","background-size":"auto","background-attachment":"scroll","background-type":"","background-media":"","overlay-type":"","overlay-color":"","overlay-opacity":"","overlay-gradient":""},"mobile":{"background-color":"var(--ast-global-color-5)","background-image":"","background-repeat":"repeat","background-position":"center center","background-size":"auto","background-attachment":"scroll","background-type":"","background-media":"","overlay-type":"","overlay-color":"","overlay-opacity":"","overlay-gradient":""}},"footnotes":""},"class_list":["post-7930","page","type-page","status-publish","hentry"],"_links":{"self":[{"href":"https:\/\/instalmax.com.br\/site\/wp-json\/wp\/v2\/pages\/7930","targetHints":{"allow":["GET"]}}],"collection":[{"href":"https:\/\/instalmax.com.br\/site\/wp-json\/wp\/v2\/pages"}],"about":[{"href":"https:\/\/instalmax.com.br\/site\/wp-json\/wp\/v2\/types\/page"}],"author":[{"embeddable":true,"href":"https:\/\/instalmax.com.br\/site\/wp-json\/wp\/v2\/users\/6"}],"replies":[{"embeddable":true,"href":"https:\/\/instalmax.com.br\/site\/wp-json\/wp\/v2\/comments?post=7930"}],"version-history":[{"count":31,"href":"https:\/\/instalmax.com.br\/site\/wp-json\/wp\/v2\/pages\/7930\/revisions"}],"predecessor-version":[{"id":8476,"href":"https:\/\/instalmax.com.br\/site\/wp-json\/wp\/v2\/pages\/7930\/revisions\/8476"}],"wp:attachment":[{"href":"https:\/\/instalmax.com.br\/site\/wp-json\/wp\/v2\/media?parent=7930"}],"curies":[{"name":"wp","href":"https:\/\/api.w.org\/{rel}","templated":true}]}}